{"id":231,"date":"2023-01-10T15:30:21","date_gmt":"2023-01-10T15:30:21","guid":{"rendered":"https:\/\/visacenter.at\/?page_id=231"},"modified":"2023-01-19T14:48:23","modified_gmt":"2023-01-19T14:48:23","slug":"datenschutzerklaerung","status":"publish","type":"page","link":"https:\/\/visacenter.at\/de\/datenschutzerklaerung\/","title":{"rendered":"DATENSCHUTZERKL\u00c4RUNG"},"content":{"rendered":"<div class=\"ps-section ps-core-spacer\"><div class=\"ps-content\">\n<div style=\"height:40px\" aria-hidden=\"true\" class=\"wp-block-spacer\"><\/div>\n<\/div><\/div><div class=\"ps-section ps-core-paragraph\"><div class=\"ps-content\">\n<p>ARC\n Consulting GmbHist der Schutz pers\u00f6nlicher Daten von Kunden ein \nbesonders wichtiges Anliegen. Wir behandeln personenbezogene Daten \nunserer Kunden vertraulich und aufgrund der gesetzlichen \nDatenschutzvorschriften sowie dieser Datenschutzerkl\u00e4rung. Im Rahmen der\n nachstehenden Datenschutzinformation informieren wir unsere Kunden \u00fcber\n die wichtigsten Aspekte der Datenverarbeitung bez\u00fcglich der \nvorliegenden Website. Die Nutzung der Webseite ist in der Regel ohne \nAngabe personenbezogener Daten m\u00f6glich. Soweit auf unseren Seiten \npersonenbezogene Daten erhoben werden, erfolgt das, soweit m\u00f6glich, \nstets auf freiwilliger Basis. Diese Daten werden ohne ausdr\u00fcckliche \nZustimmung unserer Kunden niemals an Dritte weitergegeben.<\/p>\n<\/div><\/div><div class=\"ps-section ps-core-paragraph\"><div class=\"ps-content\">\n<p><strong>Verarbeitung, \u00dcbermittlung und Speicherung personenbezogener Daten.<\/strong><br>Die Verarbeitung personenbezogener Daten durch ARC  Consulting GmbH erfolgt ausschlie\u00dflich im Rahmen der Erf\u00fcllung der  vertraglichen Pflichten gegen\u00fcber des Antragstellers. Art und Umfang der  Erfassung, \u00dcbermittlung und Speicherung der Daten entspricht den  Anforderungen zust\u00e4ndigerKonsulate und anderer Beh\u00f6rden. ARC Consulting  GmbH hat keinen Einfluss auf solche Anforderungen wird aber die Kunden  selbstverst\u00e4ndlich vorab soweit m\u00f6glich informieren.<\/p>\n<\/div><\/div><div class=\"ps-section ps-core-paragraph\"><div class=\"ps-content\">\n<p>Wir\n erfassen, verarbeiten und nutzen personenbezogene Daten nur, soweit sie\n f\u00fcr die Begr\u00fcndung, inhaltliche Ausgestaltung oder \u00c4nderung des \nRechtsverh\u00e4ltnisses erforderlich sind. Personenbezogene Daten \u00fcber die \nInanspruchnahme unserer Internetseiten erheben, verarbeiten und nutzen \nwir nur, soweit dies erforderlich ist, um dem Kunden die Inanspruchnahme\n des Dienstes zu erm\u00f6glichen oder abzurechnen.<\/p>\n<\/div><\/div><div class=\"ps-section ps-core-paragraph\"><div class=\"ps-content\">\n<p><strong>Folgenden Personen werden personenbezogene Daten offengelegt:<\/strong><\/p>\n<\/div><\/div><div class=\"ps-section ps-core-list\"><div class=\"ps-content\">\n<ul class=\"wp-block-list\"><li>Konsulate oder Honorarkonsule, die f\u00fcr die Visaausstellung verantwortlich sind;<\/li><li>Visa Application Centers, die von den Konsulaten entsprechend beauftragt wurden;<\/li><li>Mitarbeiter\n und Dienstleiter der ARC Consulting GmbH; involvierte Banken; \nIT-Dienstleister, Logistikanbieter, Berater, Steuerberater; eventuell \nInkassob\u00fcro, Rechtsanw\u00e4lte und Gerichte im Falle erfolgloser Einmahnung\n offener Forderungen.<\/li><\/ul>\n<\/div><\/div><div class=\"ps-section ps-core-paragraph\"><div class=\"ps-content\">\n<p>Im  Regelfall erfolgt Offenlegung der Kundendaten durch ARC Consulting GmbH  nicht an Dritte, abgesehen von den obenangef\u00fchrten F\u00e4llen, wo eine  solche Offenlegung erforderlich ist um Vertragsbestimmungen einzuhalten.<\/p>\n<\/div><\/div><div class=\"ps-section ps-core-paragraph\"><div class=\"ps-content\">\n<p>Personenbezogene\n Daten werden grunds\u00e4tzlich nicht l\u00e4nger aufbewahrt als dies f\u00fcr die \njeweiligen Vertragserf\u00fcllungszwecke notwendig ist. Daten werden \ngrunds\u00e4tzlich nach \u00dcbermittlung an die zust\u00e4ndigen Konsulaten gel\u00f6scht. \nGr\u00fcnde f\u00fcr eine l\u00e4ngere Aufbewahrung spezieller personenbezogener Daten \nsind abgabenrechtliche Aufbewahrungsfristen, verf\u00fcgte Aufbewahrung \nzwecks optimierter vereinfachter Folgebestellungen oder die Aufbewahrung\n zu Beweiszwecken im Streitfalle.<\/p>\n<\/div><\/div><div class=\"ps-section ps-core-paragraph\"><div class=\"ps-content\">\n<p>Sofern\n die Aufbewahrung nur auf einer Einwilligung beruht, kann die \njederzeitige L\u00f6schung durch den Auftraggeber verlangt werden.<\/p>\n<\/div><\/div><div class=\"ps-section ps-core-paragraph\"><div class=\"ps-content\">\n<p><strong>Registrierung auf dieser Webseite<\/strong><br>Kunde kann sich auf dieser Webseite registrieren, um  zus\u00e4tzliche Funktionen zu nutzen. Die dazu eingegebenen Daten verwenden  wir nur zum Zwecke der Nutzung des jeweiligen Angebotes oder Dienstes,  f\u00fcr den Kunde sich registriert hat.<\/p>\n<\/div><\/div><div class=\"ps-section ps-core-paragraph\"><div class=\"ps-content\">\n<p>F\u00fcr\n wichtige \u00c4nderungen etwa beim Angebotsumfang oder bei technisch \nnotwendigen \u00c4nderungen nutzen wir die bei der Registrierung angegebene \nE-Mail-Adresse, um den Kunden auf diesem Wege zu informieren.<\/p>\n<\/div><\/div><div class=\"ps-section ps-core-paragraph\"><div class=\"ps-content\">\n<p><strong>Kontaktformular<\/strong><br>Wenn Kunde uns per Kontaktformular Anfragen \u00fcbermittelt,  werden die Kundenangaben aus dem Anfrageformular inklusive der vom  Kunden dort angegebenen Kontaktdaten zwecks Bearbeitung der Anfrage und  f\u00fcr den Fall von Anschlussfragen bei uns gespeichert. Diese Daten geben  wir nicht ohne Einwilligung der Kunden weiter.<\/p>\n<\/div><\/div><div class=\"ps-section ps-core-paragraph\"><div class=\"ps-content\">\n<p><strong>SSL-Verschl\u00fcsselung<\/strong><br>Diese Seite nutzt aus Gr\u00fcnden der Sicherheit und zum  Schutz der \u00dcbertragung vertraulicher Inhalte, wie zum Beispiel der  Anfragen, die Kunden an uns als Seitenbetreiber senden, eine  SSL-Verschl\u00fcsselung. Wenn die SSL Verschl\u00fcsselung aktiviert ist, k\u00f6nnen  die Daten, die an uns \u00fcbermittelt werden, nicht von Dritten mitgelesen  werden.<\/p>\n<\/div><\/div><div class=\"ps-section ps-core-paragraph\"><div class=\"ps-content\">\n<p><strong>Recht auf Auskunft, L\u00f6schung, Sperrung<\/strong><br>Unsere Kunden haben jederzeit das Recht auf unentgeltliche  Auskunft \u00fcber ihre gespeicherten personenbezogenen Daten, deren  Herkunft und Empf\u00e4nger und den Zweck der Datenverarbeitung sowie ein  Recht auf Berichtigung, Sperrung oder L\u00f6schung dieser Daten. Hierzu  sowie zu weiteren Fragen zum Thema personenbezogene Daten k\u00f6nnen unsere  Kunden sich jederzeit unter der im Impressum angegebenen Adresse an uns  wenden.<\/p>\n<\/div><\/div><div class=\"ps-section ps-core-paragraph\"><div class=\"ps-content\">\n<p><strong>Name und Kontaktdaten des Verantwortlichen sowie des betrieblichen Datenschutzbeauftragten<\/strong><br>ARC Consulting GmbH<br>Rennweg 79-81, A-1030 Wien<br>E-Mail: <a href=\"mailto:info@visacenter.at\">info@visacenter.at<\/a><br>Telefon: +43 1 363 01 11<\/p>\n<\/div><\/div><div class=\"ps-section ps-core-spacer\"><div class=\"ps-content\">\n<div style=\"height:100px\" aria-hidden=\"true\" class=\"wp-block-spacer\"><\/div>\n<\/div><\/div>","protected":false},"excerpt":{"rendered":"<p>ARC Consulting GmbHist der Schutz pers\u00f6nlicher Daten von Kunden ein besonders wichtiges Anliegen. Wir behandeln personenbezogene Daten unserer Kunden vertraulich und aufgrund der gesetzlichen Datenschutzvorschriften sowie dieser Datenschutzerkl\u00e4rung. Im Rahmen der nachstehenden Datenschutzinformation informieren wir unsere Kunden \u00fcber die wichtigsten Aspekte der Datenverarbeitung bez\u00fcglich der vorliegenden Website. Die Nutzung der Webseite ist in der Regel [&hellip;]<\/p>\n","protected":false},"author":1,"featured_media":0,"parent":0,"menu_order":0,"comment_status":"closed","ping_status":"closed","template":"","meta":{"_acf_changed":false,"inline_featured_image":false,"footnotes":""},"class_list":["post-231","page","type-page","status-publish","hentry"],"acf":[],"yoast_head":"\n<title>DATENSCHUTZERKL\u00c4RUNG - Visa Center<\/title>\n<meta name=\"description\" content=\"Wir sind Ihr kompetenter und zuverl\u00e4ssiger Partner im Bereich Visum und Legalisationen mit den g\u00fcnstigsten Preisen in Wien. Wir besorgen f\u00fcr Sie alle Visatypen f\u00fcr alle visumpflichtigen L\u00e4nder und bieten alle Arten von Beglaubigungen an.\" \/>\n<meta name=\"robots\" content=\"index, follow, max-snippet:-1, max-image-preview:large, max-video-preview:-1\" \/>\n<link rel=\"canonical\" href=\"https:\/\/visacenter.at\/de\/datenschutzerklaerung\/\" \/>\n<meta property=\"og:locale\" content=\"de_DE\" \/>\n<meta property=\"og:type\" content=\"article\" \/>\n<meta property=\"og:title\" content=\"DATENSCHUTZERKL\u00c4RUNG - Visa Center\" \/>\n<meta property=\"og:description\" content=\"Wir sind Ihr kompetenter und zuverl\u00e4ssiger Partner im Bereich Visum und Legalisationen mit den g\u00fcnstigsten Preisen in Wien. Wir besorgen f\u00fcr Sie alle Visatypen f\u00fcr alle visumpflichtigen L\u00e4nder und bieten alle Arten von Beglaubigungen an.\" \/>\n<meta property=\"og:url\" content=\"https:\/\/visacenter.at\/de\/datenschutzerklaerung\/\" \/>\n<meta property=\"og:site_name\" content=\"Visa Center\" \/>\n<meta property=\"article:modified_time\" content=\"2023-01-19T14:48:23+00:00\" \/>\n<meta name=\"twitter:card\" content=\"summary_large_image\" \/>\n<meta name=\"twitter:label1\" content=\"Est. reading time\" \/>\n\t<meta name=\"twitter:data1\" content=\"3\u00a0Minuten\" \/>\n<script type=\"application\/ld+json\" class=\"yoast-schema-graph\">{\"@context\":\"https:\/\/schema.org\",\"@graph\":[{\"@type\":\"WebPage\",\"@id\":\"https:\/\/visacenter.at\/de\/datenschutzerklaerung\/\",\"url\":\"https:\/\/visacenter.at\/de\/datenschutzerklaerung\/\",\"name\":\"DATENSCHUTZERKL\u00c4RUNG - Visa Center\",\"isPartOf\":{\"@id\":\"https:\/\/visacenter.at\/de\/#website\"},\"datePublished\":\"2023-01-10T15:30:21+00:00\",\"dateModified\":\"2023-01-19T14:48:23+00:00\",\"description\":\"Wir sind Ihr kompetenter und zuverl\u00e4ssiger Partner im Bereich Visum und Legalisationen mit den g\u00fcnstigsten Preisen in Wien. Wir besorgen f\u00fcr Sie alle Visatypen f\u00fcr alle visumpflichtigen L\u00e4nder und bieten alle Arten von Beglaubigungen an.\",\"breadcrumb\":{\"@id\":\"https:\/\/visacenter.at\/de\/datenschutzerklaerung\/#breadcrumb\"},\"inLanguage\":\"de\",\"potentialAction\":[{\"@type\":\"ReadAction\",\"target\":[\"https:\/\/visacenter.at\/de\/datenschutzerklaerung\/\"]}]},{\"@type\":\"BreadcrumbList\",\"@id\":\"https:\/\/visacenter.at\/de\/datenschutzerklaerung\/#breadcrumb\",\"itemListElement\":[{\"@type\":\"ListItem\",\"position\":1,\"name\":\"Home\",\"item\":\"https:\/\/visacenter.at\/de\/\"},{\"@type\":\"ListItem\",\"position\":2,\"name\":\"DATENSCHUTZERKL\u00c4RUNG\"}]},{\"@type\":\"WebSite\",\"@id\":\"https:\/\/visacenter.at\/de\/#website\",\"url\":\"https:\/\/visacenter.at\/de\/\",\"name\":\"Visa Center\",\"description\":\"\",\"potentialAction\":[{\"@type\":\"SearchAction\",\"target\":{\"@type\":\"EntryPoint\",\"urlTemplate\":\"https:\/\/visacenter.at\/de\/?s={search_term_string}\"},\"query-input\":\"required name=search_term_string\"}],\"inLanguage\":\"de\"}]}<\/script>\n","yoast_head_json":{"title":"DATENSCHUTZERKL\u00c4RUNG - Visa Center","description":"Wir sind Ihr kompetenter und zuverl\u00e4ssiger Partner im Bereich Visum und Legalisationen mit den g\u00fcnstigsten Preisen in Wien. Wir besorgen f\u00fcr Sie alle Visatypen f\u00fcr alle visumpflichtigen L\u00e4nder und bieten alle Arten von Beglaubigungen an.","robots":{"index":"index","follow":"follow","max-snippet":"max-snippet:-1","max-image-preview":"max-image-preview:large","max-video-preview":"max-video-preview:-1"},"canonical":"https:\/\/visacenter.at\/de\/datenschutzerklaerung\/","og_locale":"de_DE","og_type":"article","og_title":"DATENSCHUTZERKL\u00c4RUNG - Visa Center","og_description":"Wir sind Ihr kompetenter und zuverl\u00e4ssiger Partner im Bereich Visum und Legalisationen mit den g\u00fcnstigsten Preisen in Wien. Wir besorgen f\u00fcr Sie alle Visatypen f\u00fcr alle visumpflichtigen L\u00e4nder und bieten alle Arten von Beglaubigungen an.","og_url":"https:\/\/visacenter.at\/de\/datenschutzerklaerung\/","og_site_name":"Visa Center","article_modified_time":"2023-01-19T14:48:23+00:00","twitter_card":"summary_large_image","twitter_misc":{"Est. reading time":"3\u00a0Minuten"},"schema":{"@context":"https:\/\/schema.org","@graph":[{"@type":"WebPage","@id":"https:\/\/visacenter.at\/de\/datenschutzerklaerung\/","url":"https:\/\/visacenter.at\/de\/datenschutzerklaerung\/","name":"DATENSCHUTZERKL\u00c4RUNG - Visa Center","isPartOf":{"@id":"https:\/\/visacenter.at\/de\/#website"},"datePublished":"2023-01-10T15:30:21+00:00","dateModified":"2023-01-19T14:48:23+00:00","description":"Wir sind Ihr kompetenter und zuverl\u00e4ssiger Partner im Bereich Visum und Legalisationen mit den g\u00fcnstigsten Preisen in Wien. Wir besorgen f\u00fcr Sie alle Visatypen f\u00fcr alle visumpflichtigen L\u00e4nder und bieten alle Arten von Beglaubigungen an.","breadcrumb":{"@id":"https:\/\/visacenter.at\/de\/datenschutzerklaerung\/#breadcrumb"},"inLanguage":"de","potentialAction":[{"@type":"ReadAction","target":["https:\/\/visacenter.at\/de\/datenschutzerklaerung\/"]}]},{"@type":"BreadcrumbList","@id":"https:\/\/visacenter.at\/de\/datenschutzerklaerung\/#breadcrumb","itemListElement":[{"@type":"ListItem","position":1,"name":"Home","item":"https:\/\/visacenter.at\/de\/"},{"@type":"ListItem","position":2,"name":"DATENSCHUTZERKL\u00c4RUNG"}]},{"@type":"WebSite","@id":"https:\/\/visacenter.at\/de\/#website","url":"https:\/\/visacenter.at\/de\/","name":"Visa Center","description":"","potentialAction":[{"@type":"SearchAction","target":{"@type":"EntryPoint","urlTemplate":"https:\/\/visacenter.at\/de\/?s={search_term_string}"},"query-input":"required name=search_term_string"}],"inLanguage":"de"}]}},"_links":{"self":[{"href":"https:\/\/visacenter.at\/de\/wp-json\/wp\/v2\/pages\/231","targetHints":{"allow":["GET"]}}],"collection":[{"href":"https:\/\/visacenter.at\/de\/wp-json\/wp\/v2\/pages"}],"about":[{"href":"https:\/\/visacenter.at\/de\/wp-json\/wp\/v2\/types\/page"}],"author":[{"embeddable":true,"href":"https:\/\/visacenter.at\/de\/wp-json\/wp\/v2\/users\/1"}],"replies":[{"embeddable":true,"href":"https:\/\/visacenter.at\/de\/wp-json\/wp\/v2\/comments?post=231"}],"version-history":[{"count":1,"href":"https:\/\/visacenter.at\/de\/wp-json\/wp\/v2\/pages\/231\/revisions"}],"predecessor-version":[{"id":528,"href":"https:\/\/visacenter.at\/de\/wp-json\/wp\/v2\/pages\/231\/revisions\/528"}],"wp:attachment":[{"href":"https:\/\/visacenter.at\/de\/wp-json\/wp\/v2\/media?parent=231"}],"curies":[{"name":"wp","href":"https:\/\/api.w.org\/{rel}","templated":true}]}}