{"id":230,"date":"2023-01-10T15:29:55","date_gmt":"2023-01-10T15:29:55","guid":{"rendered":"https:\/\/visacenter.at\/?page_id=230"},"modified":"2023-01-19T14:47:46","modified_gmt":"2023-01-19T14:47:46","slug":"impressum","status":"publish","type":"page","link":"https:\/\/visacenter.at\/de\/impressum\/","title":{"rendered":"Impressum"},"content":{"rendered":"<div class=\"ps-section ps-core-heading\"><div class=\"ps-content\">\n<h2 class=\"wp-block-heading\">Visacenter.at ist ein Angebot der ARC Consulting GmbH. Eingetragen in Wien.<\/h2>\n<\/div><\/div><div class=\"ps-section ps-core-paragraph\"><div class=\"ps-content\">\n<p><strong>Adresse:<\/strong><br>ARC Consulting GmbH<br>Rennweg 79-81 \/ Top 311<br>1030 Wien<\/p>\n<\/div><\/div><div class=\"ps-section ps-core-paragraph\"><div class=\"ps-content\">\n<p><strong>Kontakt:<\/strong><br>Phone: +43 1 363 01 11<br>Email: <a href=\"mailto:info@visacenter.at\">info@visacenter.at<\/a><br>Gesch\u00e4ftsf\u00fchrer: Ilgar Aliyev<\/p>\n<\/div><\/div><div class=\"ps-section ps-core-paragraph\"><div class=\"ps-content\">\n<p><strong> \u200bUID-Nr.:<\/strong> ATU74982058  <\/p>\n<\/div><\/div><div class=\"ps-section ps-core-paragraph\"><div class=\"ps-content\">\n<p><strong>Firmenbuch-Nr.:<\/strong> FN522508w<br><strong>Gerichtsstand:<\/strong> Handelsgericht Wien <\/p>\n<\/div><\/div><div class=\"ps-section ps-core-paragraph\"><div class=\"ps-content\">\n<p><strong>Verantwortlich f\u00fcr die Inhalte der Website:<\/strong> ARC Consulting GmbH.<\/p>\n<\/div><\/div><div class=\"ps-section ps-core-spacer\"><div class=\"ps-content\">\n<div style=\"height:100px\" aria-hidden=\"true\" class=\"wp-block-spacer\"><\/div>\n<\/div><\/div>","protected":false},"excerpt":{"rendered":"<p>Visacenter.at ist ein Angebot der ARC Consulting GmbH. Eingetragen in Wien. Adresse:ARC Consulting GmbHRennweg 79-81 \/ Top 3111030 Wien Kontakt:Phone: +43 1 363 01 11Email: info@visacenter.atGesch\u00e4ftsf\u00fchrer: Ilgar Aliyev \u200bUID-Nr.: ATU74982058 Firmenbuch-Nr.: FN522508wGerichtsstand: Handelsgericht Wien Verantwortlich f\u00fcr die Inhalte der Website: ARC Consulting GmbH.<\/p>\n","protected":false},"author":1,"featured_media":0,"parent":0,"menu_order":0,"comment_status":"closed","ping_status":"closed","template":"","meta":{"_acf_changed":false,"inline_featured_image":false,"footnotes":""},"class_list":["post-230","page","type-page","status-publish","hentry"],"acf":[],"yoast_head":"\n<title>Impressum - Visa Center<\/title>\n<meta name=\"description\" content=\"Wir sind Ihr kompetenter und zuverl\u00e4ssiger Partner im Bereich Visum und Legalisationen mit den g\u00fcnstigsten Preisen in Wien. Wir besorgen f\u00fcr Sie alle Visatypen f\u00fcr alle visumpflichtigen L\u00e4nder und bieten alle Arten von Beglaubigungen an.\" \/>\n<meta name=\"robots\" content=\"index, follow, max-snippet:-1, max-image-preview:large, max-video-preview:-1\" \/>\n<link rel=\"canonical\" href=\"https:\/\/visacenter.at\/de\/impressum\/\" \/>\n<meta property=\"og:locale\" content=\"de_DE\" \/>\n<meta property=\"og:type\" content=\"article\" \/>\n<meta property=\"og:title\" content=\"Impressum - Visa Center\" \/>\n<meta property=\"og:description\" content=\"Wir sind Ihr kompetenter und zuverl\u00e4ssiger Partner im Bereich Visum und Legalisationen mit den g\u00fcnstigsten Preisen in Wien. Wir besorgen f\u00fcr Sie alle Visatypen f\u00fcr alle visumpflichtigen L\u00e4nder und bieten alle Arten von Beglaubigungen an.\" \/>\n<meta property=\"og:url\" content=\"https:\/\/visacenter.at\/de\/impressum\/\" \/>\n<meta property=\"og:site_name\" content=\"Visa Center\" \/>\n<meta property=\"article:modified_time\" content=\"2023-01-19T14:47:46+00:00\" \/>\n<meta name=\"twitter:card\" content=\"summary_large_image\" \/>\n<meta name=\"twitter:label1\" content=\"Est. reading time\" \/>\n\t<meta name=\"twitter:data1\" content=\"1\u00a0Minute\" \/>\n<script type=\"application\/ld+json\" class=\"yoast-schema-graph\">{\"@context\":\"https:\/\/schema.org\",\"@graph\":[{\"@type\":\"WebPage\",\"@id\":\"https:\/\/visacenter.at\/de\/impressum\/\",\"url\":\"https:\/\/visacenter.at\/de\/impressum\/\",\"name\":\"Impressum - Visa Center\",\"isPartOf\":{\"@id\":\"https:\/\/visacenter.at\/de\/#website\"},\"datePublished\":\"2023-01-10T15:29:55+00:00\",\"dateModified\":\"2023-01-19T14:47:46+00:00\",\"description\":\"Wir sind Ihr kompetenter und zuverl\u00e4ssiger Partner im Bereich Visum und Legalisationen mit den g\u00fcnstigsten Preisen in Wien. Wir besorgen f\u00fcr Sie alle Visatypen f\u00fcr alle visumpflichtigen L\u00e4nder und bieten alle Arten von Beglaubigungen an.\",\"breadcrumb\":{\"@id\":\"https:\/\/visacenter.at\/de\/impressum\/#breadcrumb\"},\"inLanguage\":\"de\",\"potentialAction\":[{\"@type\":\"ReadAction\",\"target\":[\"https:\/\/visacenter.at\/de\/impressum\/\"]}]},{\"@type\":\"BreadcrumbList\",\"@id\":\"https:\/\/visacenter.at\/de\/impressum\/#breadcrumb\",\"itemListElement\":[{\"@type\":\"ListItem\",\"position\":1,\"name\":\"Home\",\"item\":\"https:\/\/visacenter.at\/de\/\"},{\"@type\":\"ListItem\",\"position\":2,\"name\":\"Impressum\"}]},{\"@type\":\"WebSite\",\"@id\":\"https:\/\/visacenter.at\/de\/#website\",\"url\":\"https:\/\/visacenter.at\/de\/\",\"name\":\"Visa Center\",\"description\":\"\",\"potentialAction\":[{\"@type\":\"SearchAction\",\"target\":{\"@type\":\"EntryPoint\",\"urlTemplate\":\"https:\/\/visacenter.at\/de\/?s={search_term_string}\"},\"query-input\":\"required name=search_term_string\"}],\"inLanguage\":\"de\"}]}<\/script>\n","yoast_head_json":{"title":"Impressum - Visa Center","description":"Wir sind Ihr kompetenter und zuverl\u00e4ssiger Partner im Bereich Visum und Legalisationen mit den g\u00fcnstigsten Preisen in Wien. Wir besorgen f\u00fcr Sie alle Visatypen f\u00fcr alle visumpflichtigen L\u00e4nder und bieten alle Arten von Beglaubigungen an.","robots":{"index":"index","follow":"follow","max-snippet":"max-snippet:-1","max-image-preview":"max-image-preview:large","max-video-preview":"max-video-preview:-1"},"canonical":"https:\/\/visacenter.at\/de\/impressum\/","og_locale":"de_DE","og_type":"article","og_title":"Impressum - Visa Center","og_description":"Wir sind Ihr kompetenter und zuverl\u00e4ssiger Partner im Bereich Visum und Legalisationen mit den g\u00fcnstigsten Preisen in Wien. Wir besorgen f\u00fcr Sie alle Visatypen f\u00fcr alle visumpflichtigen L\u00e4nder und bieten alle Arten von Beglaubigungen an.","og_url":"https:\/\/visacenter.at\/de\/impressum\/","og_site_name":"Visa Center","article_modified_time":"2023-01-19T14:47:46+00:00","twitter_card":"summary_large_image","twitter_misc":{"Est. reading time":"1\u00a0Minute"},"schema":{"@context":"https:\/\/schema.org","@graph":[{"@type":"WebPage","@id":"https:\/\/visacenter.at\/de\/impressum\/","url":"https:\/\/visacenter.at\/de\/impressum\/","name":"Impressum - Visa Center","isPartOf":{"@id":"https:\/\/visacenter.at\/de\/#website"},"datePublished":"2023-01-10T15:29:55+00:00","dateModified":"2023-01-19T14:47:46+00:00","description":"Wir sind Ihr kompetenter und zuverl\u00e4ssiger Partner im Bereich Visum und Legalisationen mit den g\u00fcnstigsten Preisen in Wien. Wir besorgen f\u00fcr Sie alle Visatypen f\u00fcr alle visumpflichtigen L\u00e4nder und bieten alle Arten von Beglaubigungen an.","breadcrumb":{"@id":"https:\/\/visacenter.at\/de\/impressum\/#breadcrumb"},"inLanguage":"de","potentialAction":[{"@type":"ReadAction","target":["https:\/\/visacenter.at\/de\/impressum\/"]}]},{"@type":"BreadcrumbList","@id":"https:\/\/visacenter.at\/de\/impressum\/#breadcrumb","itemListElement":[{"@type":"ListItem","position":1,"name":"Home","item":"https:\/\/visacenter.at\/de\/"},{"@type":"ListItem","position":2,"name":"Impressum"}]},{"@type":"WebSite","@id":"https:\/\/visacenter.at\/de\/#website","url":"https:\/\/visacenter.at\/de\/","name":"Visa Center","description":"","potentialAction":[{"@type":"SearchAction","target":{"@type":"EntryPoint","urlTemplate":"https:\/\/visacenter.at\/de\/?s={search_term_string}"},"query-input":"required name=search_term_string"}],"inLanguage":"de"}]}},"_links":{"self":[{"href":"https:\/\/visacenter.at\/de\/wp-json\/wp\/v2\/pages\/230","targetHints":{"allow":["GET"]}}],"collection":[{"href":"https:\/\/visacenter.at\/de\/wp-json\/wp\/v2\/pages"}],"about":[{"href":"https:\/\/visacenter.at\/de\/wp-json\/wp\/v2\/types\/page"}],"author":[{"embeddable":true,"href":"https:\/\/visacenter.at\/de\/wp-json\/wp\/v2\/users\/1"}],"replies":[{"embeddable":true,"href":"https:\/\/visacenter.at\/de\/wp-json\/wp\/v2\/comments?post=230"}],"version-history":[{"count":1,"href":"https:\/\/visacenter.at\/de\/wp-json\/wp\/v2\/pages\/230\/revisions"}],"predecessor-version":[{"id":527,"href":"https:\/\/visacenter.at\/de\/wp-json\/wp\/v2\/pages\/230\/revisions\/527"}],"wp:attachment":[{"href":"https:\/\/visacenter.at\/de\/wp-json\/wp\/v2\/media?parent=230"}],"curies":[{"name":"wp","href":"https:\/\/api.w.org\/{rel}","templated":true}]}}