{"id":226,"date":"2023-01-10T15:21:54","date_gmt":"2023-01-10T15:21:54","guid":{"rendered":"https:\/\/visacenter.at\/?page_id=226"},"modified":"2023-01-16T15:14:25","modified_gmt":"2023-01-16T15:14:25","slug":"legalisationen-beglaubigungen","status":"publish","type":"page","link":"https:\/\/visacenter.at\/de\/legalisationen-beglaubigungen\/","title":{"rendered":"LEGALISATIONEN"},"content":{"rendered":"<div class=\"ps-section ps-core-spacer\"><div class=\"ps-content\">\n<div style=\"height:60px\" aria-hidden=\"true\" class=\"wp-block-spacer\"><\/div>\n<\/div><\/div><div class=\"ps-section ps-core-paragraph\"><div class=\"ps-content\">\n<p>Wir unterst\u00fctzen Sie sowohl bei privaten als auch bei gesch\u00e4ftlichen Dokumenten, die legalisiert oder beglaubigt werden m\u00fcssen. <\/p>\n<\/div><\/div><div class=\"ps-section ps-core-paragraph\"><div class=\"ps-content\">\n<p>Dabei geht es um Dokumente, die in \u00d6sterreich, Deutschland, Schweiz, Polen, Ungarn, Slowakei, Kroatien, Lettland, Litauen und Estland  ausgestellt sind und beglaubigt werden m\u00fcssen.<\/p>\n<\/div><\/div><div class=\"ps-section ps-core-paragraph\"><div class=\"ps-content\">\n<p>Beglaubigungsverfahren kann aus mehreren Stufen  bestehen, da Ihre Unterlage durch unterschiedliche staatliche Beh\u00f6rden  sowie durch das entsprechende Konsulat anerkannt und best\u00e4tigt werden  soll. Egal wie kompliziert der Verfahren ist, wir sind Ihr richtiger  Ansprechpartner und sind bereit f\u00fcr Sie Legalisationen bei allen  Konsulaten\/Botschaften einzuholen!<\/p>\n<\/div><\/div><div class=\"ps-section ps-core-paragraph\"><div class=\"ps-content\">\n<p>Wird die Unterlage f\u00fcr einen Staaten beglaubigt, der  dem Haager \u00dcbereinkommen beigetreten ist, dann dient ein  Apostille-Stempel als Best\u00e4tigung der Echtheit der Unterlage. F\u00fcr die  L\u00e4nder die dem Haager Abkommen nicht beigetreten sind, muss die  \u00dcberbeglaubigung\/Legalisation beim entsprechenden Konsulat  bzw. der  Botschaft eingeholt werden.<\/p>\n<\/div><\/div><div class=\"ps-section ps-core-paragraph\"><div class=\"ps-content\">\n<p>Um Ihnen eine unverbindliche Offerte (Dauer\/Kosten)  machen zu k\u00f6nnen, ben\u00f6tigen wir \u00f6fters zuerst einen Blick auf Ihre  Unterlage zu werfen: bitte senden Sie uns darum ein Email <span data-liame=\"\" data-liame-name=\"aW5mbw==\" data-liame-host=\"dmlzYWNlbnRlci5hdA==\"><\/span> mit dem Scan Ihrer Dokumente sowie mit der kurzen Beschreibung Ihres Auftrages.<\/p>\n<\/div><\/div><div class=\"ps-section ps-core-spacer\"><div class=\"ps-content\">\n<div style=\"height:20px\" aria-hidden=\"true\" class=\"wp-block-spacer\"><\/div>\n<\/div><\/div><div class=\"ps-section ps-core-paragraph\"><div class=\"ps-content\">\n<p><strong>Zu den Dokumenten, die in der Regel legalisiert werden, z\u00e4hlen z.B.:<\/strong><\/p>\n<\/div><\/div><div class=\"ps-section ps-core-list\"><div class=\"ps-content\">\n<ul class=\"wp-block-list\"><li>Hochschul- bzw. Schulzeugnisse, Diplome<\/li><li>Geburtsurkunden<\/li><li>Heiratsurkunden<\/li><li>Scheidungsurteile bzw. -vertr\u00e4ge<\/li><li>Arztzeugnisse\/Medizinische Unterlagen<\/li><li>Arbeits- und Gesch\u00e4ftsvertr\u00e4ge, Kaufvertr\u00e4ge<\/li><li>Betreibungs- und Strafregisterausz\u00fcge<\/li><li>F\u00fchrungszeugnisse<\/li><li>Wohnsitzerkl\u00e4rungen<\/li><li>Mietvertr\u00e4ge<\/li><li>Impfp\u00e4sse<\/li><li>Tier\u00e4rztliche Zertifikate<\/li><li>Rechnungen<\/li><li>Patente und Patentanmeldungen<\/li><li>Gr\u00fcndungsurkunden<\/li><li>P\u00e4sse, Ausweise, Visa<\/li><li>Dokumente f\u00fcr Immigration, Emigration und Einb\u00fcrgerungsgesuche<\/li><li>Steuererkl\u00e4rungen<\/li><li>Handelsregisterausz\u00fcge<\/li><li>Zertifikate und Ursprungszeugnisse<\/li><\/ul>\n<\/div><\/div><div class=\"ps-section ps-core-paragraph\"><div class=\"ps-content\">\n<p><strong>Bei folgenden Beh\u00f6rden\/Institutionen k\u00f6nnen wir f\u00fcr Sie Dokumente beglaubigen lassen:<\/strong><\/p>\n<\/div><\/div><div class=\"ps-section ps-core-list\"><div class=\"ps-content\">\n<ul class=\"wp-block-list\"><li>Notariat<\/li><li>Bezirkshauptmannschaft oder Magistrat<\/li><li>Bezirksgericht<\/li><li>Landesgericht<\/li><li>Handelsgericht<\/li><li>Landesregierung<\/li><li>Wirtschaftskammer<\/li><li>Diverse Ministerien<\/li><li>Landes- oder Stadtschulrat<\/li><li>Ausl\u00e4ndische Konsulate<\/li><\/ul>\n<\/div><\/div><div class=\"ps-section ps-core-paragraph\"><div class=\"ps-content\">\n<p>Bitte nehmen Sie mit uns unverbindlich Kontakt auf, wenn Sie eine beglaubigte \u00dcbersetzung mit evtl. weiterer Legalisation ben\u00f6tigen und wir werden f\u00fcr Sie eine optimale L\u00f6sung finden.<\/p>\n<\/div><\/div><div class=\"ps-section ps-core-paragraph\"><div class=\"ps-content\">\n<p><strong>Preise f\u00fcr Beglaubigung  pro Beh\u00f6rde<\/strong><\/p>\n<\/div><\/div><div class=\"ps-section ps-core-table\"><div class=\"ps-content\">\n<figure class=\"wp-block-table\"><table><thead><tr><th>Unsere Servicegeb\u00fchren<\/th><th class=\"has-text-align-right\" data-align=\"right\">Preis brutto<\/th><\/tr><\/thead><tbody><tr><td>Pro 1 Beh\u00f6rde und Dokument<\/td><td class=\"has-text-align-right\" data-align=\"right\">36 \u20ac<\/td><\/tr><tr><td>Bei mehreren Beh\u00f6rden und Dokumenten erhalten Sie einen Rabattpreis<\/td><td class=\"has-text-align-right\" data-align=\"right\">(auf Anfrage)<\/td><\/tr><\/tbody><\/table><\/figure>\n<\/div><\/div><div class=\"ps-section ps-core-paragraph\"><div class=\"ps-content\">\n<p>Wir sind in Europa in diversen L\u00e4ndern mit B\u00fcros unserer Partner vertreten. Dank der guten Vernetzung k\u00f6nnen wir Ihnen auch im Ausland mit der Beglaubigung von Unterlagen behilflich sein. N\u00e4here Informationen dazu erhalten Sie gerne auf Anfrage.<\/p>\n<\/div><\/div><div class=\"ps-section ps-core-heading\"><div class=\"ps-content\">\n<h2 class=\"wp-block-heading\">BEGLAUBIGTE \u00dcBERSETZUNGEN<\/h2>\n<\/div><\/div><div class=\"ps-section ps-core-paragraph\"><div class=\"ps-content\">\n<p>Wir unterst\u00fctzen Sie nicht nur bei der Legalisation  und \u00fcbernehmen die Kommunikation mit den Botschaften oder Konsulaten,  sondern bieten auch einen Service f\u00fcr beglaubigte \u00dcbersetzungen oder  notariell beglaubigte Kopien an. <\/p>\n<\/div><\/div><div class=\"ps-section ps-core-paragraph\"><div class=\"ps-content\">\n<p>Wir unterst\u00fctzen Sie im Bereich der \u00dcbersetzung in folgenden F\u00e4llen:<\/p>\n<\/div><\/div><div class=\"ps-section ps-core-list\"><div class=\"ps-content\">\n<ul class=\"wp-block-list\"><li>Dokumente in einer fremden Sprache sollen \u00fcbersetzt&nbsp;werden<\/li><li>Dokumente in Deutsch sollen in eine fremde Sprache \u00fcbersetzt werden<\/li><\/ul>\n<\/div><\/div><div class=\"ps-section ps-core-paragraph\"><div class=\"ps-content\">\n<p>Wir arbeiten mit gerichtlich beeideten \u00dcbersetzern zusammen.<\/p>\n<\/div><\/div><div class=\"ps-section ps-core-paragraph\"><div class=\"ps-content\">\n<p>Bitte nehmen Sie mit uns unverbindlich Kontakt auf, wenn Sie eine beglaubigte \u00dcbersetzung mit evtl. weiterer Legalisation ben\u00f6tigen und wir werden f\u00fcr Sie eine optimale L\u00f6sung finden.<\/p>\n<\/div><\/div><div class=\"ps-section ps-core-paragraph\"><div class=\"ps-content\">\n<p>Die Unterlagen k\u00f6nnen Sie bei uns gerne pers\u00f6nlich vorbeibringen (Mo\u2013Fr: 8:30\u201317:00 Uhr) oder per Einschreiben zusenden.<\/p>\n<\/div><\/div><div class=\"ps-section ps-core-spacer\"><div class=\"ps-content\">\n<div style=\"height:100px\" aria-hidden=\"true\" class=\"wp-block-spacer\"><\/div>\n<\/div><\/div>","protected":false},"excerpt":{"rendered":"<p>Wir unterst\u00fctzen Sie sowohl bei privaten als auch bei gesch\u00e4ftlichen Dokumenten, die legalisiert oder beglaubigt werden m\u00fcssen. Dabei geht es um Dokumente, die in \u00d6sterreich, Deutschland, Schweiz, Polen, Ungarn, Slowakei, Kroatien, Lettland, Litauen und Estland ausgestellt sind und beglaubigt werden m\u00fcssen. Beglaubigungsverfahren kann aus mehreren Stufen bestehen, da Ihre Unterlage durch unterschiedliche staatliche Beh\u00f6rden sowie [&hellip;]<\/p>\n","protected":false},"author":1,"featured_media":0,"parent":0,"menu_order":0,"comment_status":"closed","ping_status":"closed","template":"","meta":{"_acf_changed":false,"inline_featured_image":false,"footnotes":""},"class_list":["post-226","page","type-page","status-publish","hentry"],"acf":[],"yoast_head":"\n<title>Visa Center. Legalisationen.<\/title>\n<meta name=\"description\" content=\"Wir veranlassen Beglaubigung Ihrer Dokumente bei allen Beh\u00f6rden und Konsulaten. \u00dcbersetzungen, Apostille, Zertifikate, Diplome, Urkunden, Ursprungszeugnisse u v. m. G\u00fcnstigste Preise in Wien! Rabatte bei mehreren Unterlagen bzw. Beh\u00f6rden.\" \/>\n<meta name=\"robots\" content=\"index, follow, max-snippet:-1, max-image-preview:large, max-video-preview:-1\" \/>\n<link rel=\"canonical\" href=\"https:\/\/visacenter.at\/de\/legalisationen-beglaubigungen\/\" \/>\n<meta property=\"og:locale\" content=\"de_DE\" \/>\n<meta property=\"og:type\" content=\"article\" \/>\n<meta property=\"og:title\" content=\"Visa Center. Legalisationen.\" \/>\n<meta property=\"og:description\" content=\"Wir veranlassen Beglaubigung Ihrer Dokumente bei allen Beh\u00f6rden und Konsulaten. \u00dcbersetzungen, Apostille, Zertifikate, Diplome, Urkunden, Ursprungszeugnisse u v. m. G\u00fcnstigste Preise in Wien! Rabatte bei mehreren Unterlagen bzw. Beh\u00f6rden.\" \/>\n<meta property=\"og:url\" content=\"https:\/\/visacenter.at\/de\/legalisationen-beglaubigungen\/\" \/>\n<meta property=\"og:site_name\" content=\"Visa Center\" \/>\n<meta property=\"article:modified_time\" content=\"2023-01-16T15:14:25+00:00\" \/>\n<meta name=\"twitter:card\" content=\"summary_large_image\" \/>\n<meta name=\"twitter:label1\" content=\"Est. reading time\" \/>\n\t<meta name=\"twitter:data1\" content=\"3\u00a0Minuten\" \/>\n<script type=\"application\/ld+json\" class=\"yoast-schema-graph\">{\"@context\":\"https:\/\/schema.org\",\"@graph\":[{\"@type\":\"WebPage\",\"@id\":\"https:\/\/visacenter.at\/de\/legalisationen-beglaubigungen\/\",\"url\":\"https:\/\/visacenter.at\/de\/legalisationen-beglaubigungen\/\",\"name\":\"Visa Center. Legalisationen.\",\"isPartOf\":{\"@id\":\"https:\/\/visacenter.at\/de\/#website\"},\"datePublished\":\"2023-01-10T15:21:54+00:00\",\"dateModified\":\"2023-01-16T15:14:25+00:00\",\"description\":\"Wir veranlassen Beglaubigung Ihrer Dokumente bei allen Beh\u00f6rden und Konsulaten. \u00dcbersetzungen, Apostille, Zertifikate, Diplome, Urkunden, Ursprungszeugnisse u v. m. G\u00fcnstigste Preise in Wien! Rabatte bei mehreren Unterlagen bzw. Beh\u00f6rden.\",\"breadcrumb\":{\"@id\":\"https:\/\/visacenter.at\/de\/legalisationen-beglaubigungen\/#breadcrumb\"},\"inLanguage\":\"de\",\"potentialAction\":[{\"@type\":\"ReadAction\",\"target\":[\"https:\/\/visacenter.at\/de\/legalisationen-beglaubigungen\/\"]}]},{\"@type\":\"BreadcrumbList\",\"@id\":\"https:\/\/visacenter.at\/de\/legalisationen-beglaubigungen\/#breadcrumb\",\"itemListElement\":[{\"@type\":\"ListItem\",\"position\":1,\"name\":\"Home\",\"item\":\"https:\/\/visacenter.at\/de\/\"},{\"@type\":\"ListItem\",\"position\":2,\"name\":\"LEGALISATIONEN\"}]},{\"@type\":\"WebSite\",\"@id\":\"https:\/\/visacenter.at\/de\/#website\",\"url\":\"https:\/\/visacenter.at\/de\/\",\"name\":\"Visa Center\",\"description\":\"\",\"potentialAction\":[{\"@type\":\"SearchAction\",\"target\":{\"@type\":\"EntryPoint\",\"urlTemplate\":\"https:\/\/visacenter.at\/de\/?s={search_term_string}\"},\"query-input\":\"required name=search_term_string\"}],\"inLanguage\":\"de\"}]}<\/script>\n","yoast_head_json":{"title":"Visa Center. Legalisationen.","description":"Wir veranlassen Beglaubigung Ihrer Dokumente bei allen Beh\u00f6rden und Konsulaten. \u00dcbersetzungen, Apostille, Zertifikate, Diplome, Urkunden, Ursprungszeugnisse u v. m. G\u00fcnstigste Preise in Wien! Rabatte bei mehreren Unterlagen bzw. Beh\u00f6rden.","robots":{"index":"index","follow":"follow","max-snippet":"max-snippet:-1","max-image-preview":"max-image-preview:large","max-video-preview":"max-video-preview:-1"},"canonical":"https:\/\/visacenter.at\/de\/legalisationen-beglaubigungen\/","og_locale":"de_DE","og_type":"article","og_title":"Visa Center. Legalisationen.","og_description":"Wir veranlassen Beglaubigung Ihrer Dokumente bei allen Beh\u00f6rden und Konsulaten. \u00dcbersetzungen, Apostille, Zertifikate, Diplome, Urkunden, Ursprungszeugnisse u v. m. G\u00fcnstigste Preise in Wien! Rabatte bei mehreren Unterlagen bzw. Beh\u00f6rden.","og_url":"https:\/\/visacenter.at\/de\/legalisationen-beglaubigungen\/","og_site_name":"Visa Center","article_modified_time":"2023-01-16T15:14:25+00:00","twitter_card":"summary_large_image","twitter_misc":{"Est. reading time":"3\u00a0Minuten"},"schema":{"@context":"https:\/\/schema.org","@graph":[{"@type":"WebPage","@id":"https:\/\/visacenter.at\/de\/legalisationen-beglaubigungen\/","url":"https:\/\/visacenter.at\/de\/legalisationen-beglaubigungen\/","name":"Visa Center. Legalisationen.","isPartOf":{"@id":"https:\/\/visacenter.at\/de\/#website"},"datePublished":"2023-01-10T15:21:54+00:00","dateModified":"2023-01-16T15:14:25+00:00","description":"Wir veranlassen Beglaubigung Ihrer Dokumente bei allen Beh\u00f6rden und Konsulaten. \u00dcbersetzungen, Apostille, Zertifikate, Diplome, Urkunden, Ursprungszeugnisse u v. m. G\u00fcnstigste Preise in Wien! Rabatte bei mehreren Unterlagen bzw. Beh\u00f6rden.","breadcrumb":{"@id":"https:\/\/visacenter.at\/de\/legalisationen-beglaubigungen\/#breadcrumb"},"inLanguage":"de","potentialAction":[{"@type":"ReadAction","target":["https:\/\/visacenter.at\/de\/legalisationen-beglaubigungen\/"]}]},{"@type":"BreadcrumbList","@id":"https:\/\/visacenter.at\/de\/legalisationen-beglaubigungen\/#breadcrumb","itemListElement":[{"@type":"ListItem","position":1,"name":"Home","item":"https:\/\/visacenter.at\/de\/"},{"@type":"ListItem","position":2,"name":"LEGALISATIONEN"}]},{"@type":"WebSite","@id":"https:\/\/visacenter.at\/de\/#website","url":"https:\/\/visacenter.at\/de\/","name":"Visa Center","description":"","potentialAction":[{"@type":"SearchAction","target":{"@type":"EntryPoint","urlTemplate":"https:\/\/visacenter.at\/de\/?s={search_term_string}"},"query-input":"required name=search_term_string"}],"inLanguage":"de"}]}},"_links":{"self":[{"href":"https:\/\/visacenter.at\/de\/wp-json\/wp\/v2\/pages\/226","targetHints":{"allow":["GET"]}}],"collection":[{"href":"https:\/\/visacenter.at\/de\/wp-json\/wp\/v2\/pages"}],"about":[{"href":"https:\/\/visacenter.at\/de\/wp-json\/wp\/v2\/types\/page"}],"author":[{"embeddable":true,"href":"https:\/\/visacenter.at\/de\/wp-json\/wp\/v2\/users\/1"}],"replies":[{"embeddable":true,"href":"https:\/\/visacenter.at\/de\/wp-json\/wp\/v2\/comments?post=226"}],"version-history":[{"count":0,"href":"https:\/\/visacenter.at\/de\/wp-json\/wp\/v2\/pages\/226\/revisions"}],"wp:attachment":[{"href":"https:\/\/visacenter.at\/de\/wp-json\/wp\/v2\/media?parent=226"}],"curies":[{"name":"wp","href":"https:\/\/api.w.org\/{rel}","templated":true}]}}