{"id":223,"date":"2023-01-10T15:13:13","date_gmt":"2023-01-10T15:13:13","guid":{"rendered":"https:\/\/visacenter.at\/?page_id=223"},"modified":"2026-02-06T10:12:34","modified_gmt":"2026-02-06T10:12:34","slug":"tarife","status":"publish","type":"page","link":"https:\/\/visacenter.at\/de\/tarife\/","title":{"rendered":"Tarife"},"content":{"rendered":"<div class=\"ps-section ps-core-heading\"><div class=\"ps-content\">\n<h3 class=\"wp-block-heading\">Unsere Servicegeb\u00fchren (Visabeschaffung)<\/h3>\n<\/div><\/div><div class=\"ps-section ps-core-paragraph\"><div class=\"ps-content\">\n<p> Wir sind kein Konsulat oder eine Regierungbeh\u00f6rde. Nur ein Konsulat ist berechtigt, den entsprechenden Visumantrag zu bewilligen. Wir \u00fcbernehmen f\u00fcr Sie den Botengang und eventuell andere mit Ihrem Visumantrag verbundenen Services. Wir bezahlen f\u00fcr Sie die Konsulatsgeb\u00fchr und verrechnen Ihnen daf\u00fcr unsere Servicegeb\u00fchr und eventuell Versandkosten. Unsere Dienstleistung beinhaltet: Kontrolle und Bearbeitung Ihrer Unterlagen sowie Beantragung und Abholung des Visums beim zust\u00e4ndigen Konsulat.<\/p>\n<\/div><\/div><div class=\"ps-section ps-core-heading\"><div class=\"ps-content\">\n<h4 class=\"wp-block-heading\"> Unsere Geb\u00fchren pro Visum\/Unterlage:<\/h4>\n<\/div><\/div><div class=\"ps-section ps-acf-tsv-table\"><div class=\"ps-content\"><div class=\"table-wrap\"><table class=\"tsv-table \"><thead><tr><th>Leistung<\/th>\n<th class=\"alignright\">Bearbeitungszeit<\/th>\n<th class=\"alignright\">Preis Brutto<\/th><\/tr><\/thead><tbody><tr><td>Standard<\/td>\n<td class=\"alignright\">5-10 Arbeitstage*<\/td>\n<td class=\"alignright\">48 \u20ac<\/td><\/tr>\n<tr><td>Express<\/td>\n<td class=\"alignright\">3 Arbeitstage*<\/td>\n<td class=\"alignright\">60 \u20ac<\/td><\/tr>\n<tr><td>Urgent\/Sameday<\/td>\n<td class=\"alignright\">1 Arbeitstag*<\/td>\n<td class=\"alignright\">78 \u20ac<\/td><\/tr><\/tbody><\/table><\/div><\/div><\/div><div class=\"ps-section ps-core-paragraph\"><div class=\"ps-content\">\n<p class=\"has-text-color\" style=\"color:#929292\">*\u2014 kann vom Konsulat zu Konsulat variieren. Kontaktieren Sie uns f\u00fcr Details.<\/p>\n<\/div><\/div><div class=\"ps-section ps-core-list\"><div class=\"ps-content\">\n<ul class=\"wp-block-list\">\n<li>Mehrwertsteuerfreie Konsulargeb\u00fchren sind in der Preisliste nicht inkludiert und werden separat verrechnet. Die Konsulargeb\u00fchren finden Sie bitte in den jeweiligen&nbsp;<a href=\"https:\/\/visacenter.at\/de\/visa-for-all-countries\/\">L\u00e4nderseiten<\/a>.<\/li>\n\n\n\n<li>F\u00fcr einige L\u00e4nder wird zus\u00e4tzlich ein&nbsp;Einladungsschreiben&nbsp;ben\u00f6tigt. Sie erhalten dieses von uns gegen zus\u00e4tzliche Geb\u00fchr (s. Einladungen unten).<\/li>\n<\/ul>\n<\/div><\/div><div class=\"ps-section ps-core-heading\"><div class=\"ps-content\">\n<h4 class=\"wp-block-heading\">Visabeschaffung im Ausland<\/h4>\n<\/div><\/div><div class=\"ps-section ps-core-paragraph\"><div class=\"ps-content\">\n<p>Falls Ihr Visum ausserhalb \u00d6sterreichs beschafft werden muss, k\u00f6nnen wir Ihnen durch unsere Partnerfirmen europaweit einen entsprechenden Service sicherstellen!<\/p>\n<\/div><\/div><div class=\"ps-section ps-core-paragraph\"><div class=\"ps-content\">\n<p> Kontaktieren Sie 24\/7 unsere Gratis-Hotline +43 1 363 0111 oder schreiben Sie uns ein Email <span data-liame=\"\" data-liame-name=\"aW5mbw==\" data-liame-host=\"dmlzYWNlbnRlci5hdA==\"><\/span>.<\/p>\n<\/div><\/div><div class=\"ps-section ps-acf-tsv-table\"><div class=\"ps-content\"><div class=\"table-wrap\"><table class=\"tsv-table \"><thead><tr><th>Land<\/th>\n<th class=\"alignright\">Standard<\/th>\n<th class=\"alignright\">Express<\/th>\n<th class=\"alignright\">Sameday<\/th><\/tr><\/thead><tbody><tr><td>Deutschland<\/td>\n<td class=\"alignright\">80 \u20ac<\/td>\n<td class=\"alignright\">100 \u20ac<\/td>\n<td class=\"alignright\">120 \u20ac<\/td><\/tr>\n<tr><td>Schweiz<\/td>\n<td class=\"alignright\">80 \u20ac<\/td>\n<td class=\"alignright\">100 \u20ac<\/td>\n<td class=\"alignright\">150 \u20ac<\/td><\/tr>\n<tr><td>\u00dcbriges Europa<\/td>\n<td class=\"alignright\">90 \u20ac<\/td>\n<td class=\"alignright\">100 \u20ac<\/td>\n<td class=\"alignright\">180 \u20ac<\/td><\/tr><\/tbody><\/table><\/div><\/div><\/div><div class=\"ps-section ps-core-paragraph\"><div class=\"ps-content\">\n<p>Die oben angef\u00fchrten Tarife verstehen sich exkl. Konsulatsgeb\u00fchren, Kosten f\u00fcr Einladungsschreiben <strong>und Versand<\/strong> (auf Anfrage). Kontaktieren Sie uns f\u00fcr eine Offerte.<\/p>\n<\/div><\/div><div class=\"ps-section ps-core-heading\"><div class=\"ps-content\">\n<h3 class=\"wp-block-heading\">Reiseversicherungen<\/h3>\n<\/div><\/div><div class=\"ps-section ps-core-paragraph\"><div class=\"ps-content\">\n<p>Mit unserem Partner, der HanseMerkur Versicherung k\u00f6nnen wir Ihnen ein umfassendes <br>Versicherungsangebot anbieten, und zwar, eine weltweite Jahresversicherung.<\/p>\n<\/div><\/div><div class=\"ps-section ps-core-paragraph\"><div class=\"ps-content\">\n<p>Unsere Geb\u00fchr betr\u00e4gt 10 EUR zzgl. Polizzengeb\u00fchr. \nSie k\u00f6nnen gerne die Versicherung aber auch selber auf unserer Webseite \n(s. unten die entsprechenden Links) buchen.<\/p>\n<\/div><\/div><div class=\"ps-section ps-core-paragraph\"><div class=\"ps-content\">\n<p>Jahresversicherung mit weltweiter G\u00fcltigkeit (Polizzengeb\u00fchr 49 EUR, bis 65 Jahre: nach dem 65. Lebensalter &#8211; nach Anfrage)<br><a href=\"https:\/\/secure.hmrv.de\/rvw-ba\/initBa.jsp?baid=698&amp;adnr=4376604&amp;locale=de_AT&amp;wt=POPUP\">BA 698 (Jahres-Reise-KV Premium)<\/a><\/p>\n<\/div><\/div><div class=\"ps-section ps-core-paragraph\"><div class=\"ps-content\">\n<p>Der Versicherungsschutz erstreckt sich auf Arzt- und Krankenhauskosten, Arzneimittel, zahn\u00e4rztliche Behandlungen sowie auf Krankenr\u00fccktransport und \u00dcberf\u00fchrungskosten im Todesfall. Eine Mindestdeckungssumme von 30.000,00 EUR ist gew\u00e4hrleistet. <\/p>\n<\/div><\/div><div class=\"ps-section ps-core-paragraph\"><div class=\"ps-content\">\n<p>Sie\/Wir k\u00f6nnen von Ihrem Versicherungsvertrag innerhalb von 14 Tagen ohne Angabe von Gr\u00fcnden in geschriebener Form (z. B. Brief, Fax, E-Mail) zur\u00fccktreten.<\/p>\n<\/div><\/div><div class=\"ps-section ps-core-image\"><div class=\"ps-content\">\n<figure class=\"wp-block-image aligncenter size-full\"><img loading=\"lazy\" decoding=\"async\" width=\"363\" height=\"98\" src=\"https:\/\/visacenter.at\/wp-content\/uploads\/2023\/01\/logo-hanse-merkur.png\" alt=\"Tarife\" class=\"wp-image-520\" srcset=\"https:\/\/visacenter.at\/wp-content\/uploads\/2023\/01\/logo-hanse-merkur.png 363w, https:\/\/visacenter.at\/wp-content\/uploads\/2023\/01\/logo-hanse-merkur-300x81.png 300w\" sizes=\"auto, (max-width: 363px) 100vw, 363px\" \/><\/figure>\n<\/div><\/div><div class=\"ps-section ps-core-heading\"><div class=\"ps-content\">\n<h3 class=\"wp-block-heading\">Versand<\/h3>\n<\/div><\/div><div class=\"ps-section ps-core-paragraph\"><div class=\"ps-content\">\n<p>Bitte w\u00e4hlen Sie passende Versandoption und legen Sie  den entsprechenden Betrag den Unterlagen bei (gilt nicht f\u00fcr die  Firmenkunden, die per Rechnung bezahlen). Bei Fragen kontaktieren Sie uns bitte jederzeit!<\/p>\n<\/div><\/div><div class=\"ps-section ps-acf-tsv-table\"><div class=\"ps-content\"><div class=\"table-wrap\"><table class=\"tsv-table \"><thead><tr><th>Leistung<\/th>\n<th class=\"alignright\">Preis Brutto<\/th><\/tr><\/thead><tbody><tr><td>EMS-Versand (Zustellung am n\u00e4chsten Werktag)<\/td>\n<td class=\"alignright\">15 \u20ac<\/td><\/tr>\n<tr><td>Pers\u00f6nliche Zustellung in Wien (Zustellung am gleichen Tag)<\/td>\n<td class=\"alignright\">25 \u20ac<\/td><\/tr>\n<tr><td>Hinterlegung am Flughafen Wien<\/td>\n<td class=\"alignright\">80 \u20ac<\/td><\/tr>\n<tr><td>Overnight \u00d6sterreich<\/td>\n<td class=\"alignright\">40 \u20ac<\/td><\/tr>\n<tr><td>Overnight Deutschland<\/td>\n<td class=\"alignright\">50 \u20ac<\/td><\/tr>\n<tr><td>Overnight Schweiz\/Europa<\/td>\n<td class=\"alignright\">50 \u20ac<\/td><\/tr>\n<tr><td>Overnight Worldwide<\/td>\n<td class=\"alignright\">80-120 \u20ac<\/td><\/tr>\n<tr><td>Pers\u00f6nliche Zustellung per Autokurier<\/td>\n<td class=\"alignright\">Auf Anfrage<\/td><\/tr><\/tbody><\/table><\/div><\/div><\/div><div class=\"ps-section ps-core-paragraph\"><div class=\"ps-content\">\n<p><\/p>\n<\/div><\/div>","protected":false},"excerpt":{"rendered":"<p>Unsere Servicegeb\u00fchren (Visabeschaffung) Wir sind kein Konsulat oder eine Regierungbeh\u00f6rde. Nur ein Konsulat ist berechtigt, den entsprechenden Visumantrag zu bewilligen. Wir \u00fcbernehmen f\u00fcr Sie den Botengang und eventuell andere mit Ihrem Visumantrag verbundenen Services. Wir bezahlen f\u00fcr Sie die Konsulatsgeb\u00fchr und verrechnen Ihnen daf\u00fcr unsere Servicegeb\u00fchr und eventuell Versandkosten. Unsere Dienstleistung beinhaltet: Kontrolle und Bearbeitung [&hellip;]<\/p>\n","protected":false},"author":1,"featured_media":0,"parent":0,"menu_order":0,"comment_status":"closed","ping_status":"closed","template":"","meta":{"_acf_changed":false,"inline_featured_image":false,"footnotes":""},"class_list":["post-223","page","type-page","status-publish","hentry"],"acf":[],"yoast_head":"\n<title>Visa Center. Tarife.<\/title>\n<meta name=\"description\" content=\"G\u00fcnstigster Visum Service in Wien. Standard-Geb\u00fchr nur 36 EUR: Mengenrabatte sind m\u00f6glich. Komplettservice: inkl. Zusatzdienstleistungen wie z.B. Ausf\u00fcllen des Antrages, Reiseversicherung, Einladung, Versand per Einschreiben, EMS, Overnight-Kurier.\" \/>\n<meta name=\"robots\" content=\"index, follow, max-snippet:-1, max-image-preview:large, max-video-preview:-1\" \/>\n<link rel=\"canonical\" href=\"https:\/\/visacenter.at\/de\/tarife\/\" \/>\n<meta property=\"og:locale\" content=\"de_DE\" \/>\n<meta property=\"og:type\" content=\"article\" \/>\n<meta property=\"og:title\" content=\"Visa Center. Tarife.\" \/>\n<meta property=\"og:description\" content=\"G\u00fcnstigster Visum Service in Wien. Standard-Geb\u00fchr nur 36 EUR: Mengenrabatte sind m\u00f6glich. Komplettservice: inkl. Zusatzdienstleistungen wie z.B. Ausf\u00fcllen des Antrages, Reiseversicherung, Einladung, Versand per Einschreiben, EMS, Overnight-Kurier.\" \/>\n<meta property=\"og:url\" content=\"https:\/\/visacenter.at\/de\/tarife\/\" \/>\n<meta property=\"og:site_name\" content=\"Visa Center\" \/>\n<meta property=\"article:modified_time\" content=\"2026-02-06T10:12:34+00:00\" \/>\n<meta property=\"og:image\" content=\"https:\/\/visacenter.at\/wp-content\/uploads\/2023\/01\/logo-hanse-merkur.png\" \/>\n<meta name=\"twitter:card\" content=\"summary_large_image\" \/>\n<meta name=\"twitter:label1\" content=\"Est. reading time\" \/>\n\t<meta name=\"twitter:data1\" content=\"3\u00a0Minuten\" \/>\n<script type=\"application\/ld+json\" class=\"yoast-schema-graph\">{\"@context\":\"https:\/\/schema.org\",\"@graph\":[{\"@type\":\"WebPage\",\"@id\":\"https:\/\/visacenter.at\/de\/tarife\/\",\"url\":\"https:\/\/visacenter.at\/de\/tarife\/\",\"name\":\"Visa Center. Tarife.\",\"isPartOf\":{\"@id\":\"https:\/\/visacenter.at\/de\/#website\"},\"datePublished\":\"2023-01-10T15:13:13+00:00\",\"dateModified\":\"2026-02-06T10:12:34+00:00\",\"description\":\"G\u00fcnstigster Visum Service in Wien. Standard-Geb\u00fchr nur 36 EUR: Mengenrabatte sind m\u00f6glich. Komplettservice: inkl. Zusatzdienstleistungen wie z.B. Ausf\u00fcllen des Antrages, Reiseversicherung, Einladung, Versand per Einschreiben, EMS, Overnight-Kurier.\",\"breadcrumb\":{\"@id\":\"https:\/\/visacenter.at\/de\/tarife\/#breadcrumb\"},\"inLanguage\":\"de\",\"potentialAction\":[{\"@type\":\"ReadAction\",\"target\":[\"https:\/\/visacenter.at\/de\/tarife\/\"]}]},{\"@type\":\"BreadcrumbList\",\"@id\":\"https:\/\/visacenter.at\/de\/tarife\/#breadcrumb\",\"itemListElement\":[{\"@type\":\"ListItem\",\"position\":1,\"name\":\"Home\",\"item\":\"https:\/\/visacenter.at\/de\/\"},{\"@type\":\"ListItem\",\"position\":2,\"name\":\"Tarife\"}]},{\"@type\":\"WebSite\",\"@id\":\"https:\/\/visacenter.at\/de\/#website\",\"url\":\"https:\/\/visacenter.at\/de\/\",\"name\":\"Visa Center\",\"description\":\"\",\"potentialAction\":[{\"@type\":\"SearchAction\",\"target\":{\"@type\":\"EntryPoint\",\"urlTemplate\":\"https:\/\/visacenter.at\/de\/?s={search_term_string}\"},\"query-input\":\"required name=search_term_string\"}],\"inLanguage\":\"de\"}]}<\/script>\n","yoast_head_json":{"title":"Visa Center. Tarife.","description":"G\u00fcnstigster Visum Service in Wien. Standard-Geb\u00fchr nur 36 EUR: Mengenrabatte sind m\u00f6glich. Komplettservice: inkl. Zusatzdienstleistungen wie z.B. Ausf\u00fcllen des Antrages, Reiseversicherung, Einladung, Versand per Einschreiben, EMS, Overnight-Kurier.","robots":{"index":"index","follow":"follow","max-snippet":"max-snippet:-1","max-image-preview":"max-image-preview:large","max-video-preview":"max-video-preview:-1"},"canonical":"https:\/\/visacenter.at\/de\/tarife\/","og_locale":"de_DE","og_type":"article","og_title":"Visa Center. Tarife.","og_description":"G\u00fcnstigster Visum Service in Wien. Standard-Geb\u00fchr nur 36 EUR: Mengenrabatte sind m\u00f6glich. Komplettservice: inkl. Zusatzdienstleistungen wie z.B. Ausf\u00fcllen des Antrages, Reiseversicherung, Einladung, Versand per Einschreiben, EMS, Overnight-Kurier.","og_url":"https:\/\/visacenter.at\/de\/tarife\/","og_site_name":"Visa Center","article_modified_time":"2026-02-06T10:12:34+00:00","og_image":[{"url":"https:\/\/visacenter.at\/wp-content\/uploads\/2023\/01\/logo-hanse-merkur.png"}],"twitter_card":"summary_large_image","twitter_misc":{"Est. reading time":"3\u00a0Minuten"},"schema":{"@context":"https:\/\/schema.org","@graph":[{"@type":"WebPage","@id":"https:\/\/visacenter.at\/de\/tarife\/","url":"https:\/\/visacenter.at\/de\/tarife\/","name":"Visa Center. Tarife.","isPartOf":{"@id":"https:\/\/visacenter.at\/de\/#website"},"datePublished":"2023-01-10T15:13:13+00:00","dateModified":"2026-02-06T10:12:34+00:00","description":"G\u00fcnstigster Visum Service in Wien. Standard-Geb\u00fchr nur 36 EUR: Mengenrabatte sind m\u00f6glich. Komplettservice: inkl. Zusatzdienstleistungen wie z.B. Ausf\u00fcllen des Antrages, Reiseversicherung, Einladung, Versand per Einschreiben, EMS, Overnight-Kurier.","breadcrumb":{"@id":"https:\/\/visacenter.at\/de\/tarife\/#breadcrumb"},"inLanguage":"de","potentialAction":[{"@type":"ReadAction","target":["https:\/\/visacenter.at\/de\/tarife\/"]}]},{"@type":"BreadcrumbList","@id":"https:\/\/visacenter.at\/de\/tarife\/#breadcrumb","itemListElement":[{"@type":"ListItem","position":1,"name":"Home","item":"https:\/\/visacenter.at\/de\/"},{"@type":"ListItem","position":2,"name":"Tarife"}]},{"@type":"WebSite","@id":"https:\/\/visacenter.at\/de\/#website","url":"https:\/\/visacenter.at\/de\/","name":"Visa Center","description":"","potentialAction":[{"@type":"SearchAction","target":{"@type":"EntryPoint","urlTemplate":"https:\/\/visacenter.at\/de\/?s={search_term_string}"},"query-input":"required name=search_term_string"}],"inLanguage":"de"}]}},"_links":{"self":[{"href":"https:\/\/visacenter.at\/de\/wp-json\/wp\/v2\/pages\/223","targetHints":{"allow":["GET"]}}],"collection":[{"href":"https:\/\/visacenter.at\/de\/wp-json\/wp\/v2\/pages"}],"about":[{"href":"https:\/\/visacenter.at\/de\/wp-json\/wp\/v2\/types\/page"}],"author":[{"embeddable":true,"href":"https:\/\/visacenter.at\/de\/wp-json\/wp\/v2\/users\/1"}],"replies":[{"embeddable":true,"href":"https:\/\/visacenter.at\/de\/wp-json\/wp\/v2\/comments?post=223"}],"version-history":[{"count":1,"href":"https:\/\/visacenter.at\/de\/wp-json\/wp\/v2\/pages\/223\/revisions"}],"predecessor-version":[{"id":1483,"href":"https:\/\/visacenter.at\/de\/wp-json\/wp\/v2\/pages\/223\/revisions\/1483"}],"wp:attachment":[{"href":"https:\/\/visacenter.at\/de\/wp-json\/wp\/v2\/media?parent=223"}],"curies":[{"name":"wp","href":"https:\/\/api.w.org\/{rel}","templated":true}]}}